{"id":104,"date":"2025-04-07T12:11:50","date_gmt":"2025-04-07T12:11:50","guid":{"rendered":"https:\/\/lemonchiffon-moose-424103.hostingersite.com\/?page_id=104"},"modified":"2025-04-08T06:17:05","modified_gmt":"2025-04-08T06:17:05","slug":"build","status":"publish","type":"page","link":"https:\/\/orgullosanmigueldeallende.org\/en\/build\/","title":{"rendered":"Build"},"content":{"rendered":"<p>[et_pb_section fb_built=&#8221;1&#8243; _builder_version=&#8221;4.27.4&#8243; _module_preset=&#8221;default&#8221; background_image=&#8221;https:\/\/orgullosanmigueldeallende.org\/wp-content\/uploads\/2025\/04\/ColSMA_1x1fr.png&#8221; global_colors_info=&#8221;{}&#8221;][et_pb_row column_structure=&#8221;1_3,1_3,1_3&#8243; _builder_version=&#8221;4.27.4&#8243; _module_preset=&#8221;default&#8221; global_colors_info=&#8221;{}&#8221;][et_pb_column type=&#8221;1_3&#8243; _builder_version=&#8221;4.27.4&#8243; _module_preset=&#8221;default&#8221; global_colors_info=&#8221;{}&#8221;][\/et_pb_column][et_pb_column type=&#8221;1_3&#8243; _builder_version=&#8221;4.27.4&#8243; _module_preset=&#8221;default&#8221; global_colors_info=&#8221;{}&#8221;][et_pb_image src=&#8221;https:\/\/orgullosanmigueldeallende.org\/wp-content\/uploads\/2025\/04\/logocosma24.png&#8221; title_text=&#8221;logocosma24&#8243; _builder_version=&#8221;4.27.4&#8243; _module_preset=&#8221;default&#8221; global_colors_info=&#8221;{}&#8221;][\/et_pb_image][et_pb_text _builder_version=&#8221;4.27.4&#8243; _module_preset=&#8221;default&#8221; text_font=&#8221;||||||||&#8221; text_font_size=&#8221;16px&#8221; text_line_height=&#8221;2em&#8221; header_font=&#8221;||||||||&#8221; header_4_font=&#8221;Cormorant Garamond|600|||||||&#8221; header_4_font_size=&#8221;32px&#8221; header_4_line_height=&#8221;1.4em&#8221; background_layout=&#8221;dark&#8221; custom_margin=&#8221;|||&#8221; locked=&#8221;off&#8221; global_colors_info=&#8221;{}&#8221;]<\/p>\n<p>sSITI-EN<span style=\"color: #000000;\"><b><\/b><\/span><span style=\"color: #000000;\"><b>SITIO EN CONSTRUCCI\u00d3N<\/b><\/span><\/p>\n<p><span style=\"color: #000000;\"><b><\/b><\/span><\/p>\n<p><span style=\"color: #000000;\"><b>COLECTIVO ORGULLO <\/b><b>San Miguel de Allende (COSMA) <\/b><span style=\"font-weight: 400;\">es un proyecto social, disidente, aut\u00f3nomo y apartidista, con perspectiva de g\u00e9nero, interseccional y de Derechos Humanos, que apoya a la poblaci\u00f3n LGBT<span style=\"color: #000000;\"><a href=\"https:\/\/orgullosanmigueldeallende.org\/home\/\" style=\"color: #000000; text-decoration: underline;\">+<\/a>.<\/span><\/span><\/span><\/p>\n<p><span style=\"color: #000000;\"><span style=\"font-weight: 400;\"><\/span><\/span><\/p>\n<p>[\/et_pb_text][\/et_pb_column][et_pb_column type=&#8221;1_3&#8243; _builder_version=&#8221;4.27.4&#8243; _module_preset=&#8221;default&#8221; global_colors_info=&#8221;{}&#8221;][\/et_pb_column][\/et_pb_row][\/et_pb_section]<\/p>\n","protected":false},"excerpt":{"rendered":"<p>sSITI-ENSITIO EN CONSTRUCCI\u00d3N COLECTIVO ORGULLO San Miguel de Allende (COSMA) es un proyecto social, disidente, aut\u00f3nomo y apartidista, con perspectiva de g\u00e9nero, interseccional y de Derechos Humanos, que apoya a la poblaci\u00f3n LGBT+.<\/p>","protected":false},"author":1,"featured_media":0,"parent":0,"menu_order":0,"comment_status":"closed","ping_status":"closed","template":"","meta":{"_et_pb_use_builder":"on","_et_pb_old_content":"","_et_gb_content_width":"","footnotes":""},"class_list":["post-104","page","type-page","status-publish","hentry"],"_links":{"self":[{"href":"https:\/\/orgullosanmigueldeallende.org\/en\/wp-json\/wp\/v2\/pages\/104","targetHints":{"allow":["GET"]}}],"collection":[{"href":"https:\/\/orgullosanmigueldeallende.org\/en\/wp-json\/wp\/v2\/pages"}],"about":[{"href":"https:\/\/orgullosanmigueldeallende.org\/en\/wp-json\/wp\/v2\/types\/page"}],"author":[{"embeddable":true,"href":"https:\/\/orgullosanmigueldeallende.org\/en\/wp-json\/wp\/v2\/users\/1"}],"replies":[{"embeddable":true,"href":"https:\/\/orgullosanmigueldeallende.org\/en\/wp-json\/wp\/v2\/comments?post=104"}],"version-history":[{"count":4,"href":"https:\/\/orgullosanmigueldeallende.org\/en\/wp-json\/wp\/v2\/pages\/104\/revisions"}],"predecessor-version":[{"id":118,"href":"https:\/\/orgullosanmigueldeallende.org\/en\/wp-json\/wp\/v2\/pages\/104\/revisions\/118"}],"wp:attachment":[{"href":"https:\/\/orgullosanmigueldeallende.org\/en\/wp-json\/wp\/v2\/media?parent=104"}],"curies":[{"name":"wp","href":"https:\/\/api.w.org\/{rel}","templated":true}]}}